{"id":421,"date":"2015-11-09T15:49:14","date_gmt":"2015-11-09T15:49:14","guid":{"rendered":"http:\/\/www.corogaraizarkomatsorriak.eus\/eusk\/wordpress\/?page_id=421"},"modified":"2024-04-16T17:20:37","modified_gmt":"2024-04-16T17:20:37","slug":"directores-anteriores","status":"publish","type":"page","link":"https:\/\/www.corogaraizarkomatsorriak.eus\/eusk\/directores-anteriores\/","title":{"rendered":"Zuzendari ohiak"},"content":{"rendered":"<p>[et_pb_section fb_built=\u00bb1&#8243; fullwidth=\u00bbon\u00bb admin_label=\u00bbSecci\u00f3n\u00bb _builder_version=\u00bb4.16&#8243; global_colors_info=\u00bb{}\u00bb][et_pb_fullwidth_post_title meta=\u00bboff\u00bb featured_placement=\u00bbbackground\u00bb text_background=\u00bbon\u00bb text_bg_color=\u00bbrgba(255,255,255,0.42)\u00bb admin_label=\u00bbT\u00edtulo de publicaci\u00f3n de anchura completa\u00bb _builder_version=\u00bb4.16&#8243; title_font_size=\u00bb45px\u00bb title_all_caps=\u00bboff\u00bb background_color=\u00bbrgba(255,255,255,0)\u00bb parallax=\u00bbon\u00bb parallax_method=\u00bboff\u00bb text_orientation=\u00bbcenter\u00bb custom_padding=\u00bb250px||250px|\u00bb parallax_effect=\u00bbon\u00bb module_bg_color=\u00bbrgba(255,255,255,0)\u00bb use_border_color=\u00bboff\u00bb border_color=\u00bb#ffffff\u00bb border_style=\u00bbsolid\u00bb global_colors_info=\u00bb{}\u00bb] [\/et_pb_fullwidth_post_title][\/et_pb_section][et_pb_section fb_built=\u00bb1&#8243; admin_label=\u00bbsection\u00bb _builder_version=\u00bb4.16&#8243; global_colors_info=\u00bb{}\u00bb][et_pb_row admin_label=\u00bbrow\u00bb _builder_version=\u00bb4.16&#8243; background_size=\u00bbinitial\u00bb background_position=\u00bbtop_left\u00bb background_repeat=\u00bbrepeat\u00bb global_colors_info=\u00bb{}\u00bb][et_pb_column type=\u00bb4_4&#8243; _builder_version=\u00bb4.16&#8243; custom_padding=\u00bb|||\u00bb global_colors_info=\u00bb{}\u00bb custom_padding__hover=\u00bb|||\u00bb][et_pb_tabs admin_label=\u00bbPesta\u00f1as\u00bb _builder_version=\u00bb4.22.1&#8243; tab_font_size=\u00bb16&#8243; tab_letter_spacing=\u00bb3px\u00bb background_size=\u00bbinitial\u00bb background_position=\u00bbtop_left\u00bb background_repeat=\u00bbrepeat\u00bb hover_enabled=\u00bb0&#8243; use_border_color=\u00bboff\u00bb border_color=\u00bb#ffffff\u00bb border_style=\u00bbsolid\u00bb global_colors_info=\u00bb{}\u00bb sticky_enabled=\u00bb0&#8243;][et_pb_tab title=\u00bbJos\u00e9 Luis Etxebarria Goiri ||Txelu||\u00bb _builder_version=\u00bb4.22.1&#8243; body_font=\u00bb||||\u00bb body_line_height=\u00bb2em\u00bb tab_font=\u00bb||||\u00bb tab_line_height=\u00bb2em\u00bb background_size=\u00bbinitial\u00bb background_position=\u00bbtop_left\u00bb background_repeat=\u00bbrepeat\u00bb hover_enabled=\u00bb0&#8243; body_line_height_tablet=\u00bb2em\u00bb body_line_height_phone=\u00bb2em\u00bb tab_line_height_tablet=\u00bb2em\u00bb tab_line_height_phone=\u00bb2em\u00bb global_colors_info=\u00bb{}\u00bb sticky_enabled=\u00bb0&#8243;]<\/p>\n<h1 style=\"text-align: justify\"><strong>Jos\u00e9 Luis Etxebarria \u201cTxelu\u201dren <\/strong><strong>biografia<\/strong><\/h1>\n<div id=\"attachment_422\" style=\"width: 313px\" class=\"wp-caption alignright\"><a href=\"https:\/\/www.corogaraizarkomatsorriak.eus\/eusk\/wp-content\/uploads\/sites\/2\/2015\/11\/txelu.jpg\"><img loading=\"lazy\" decoding=\"async\" aria-describedby=\"caption-attachment-422\" class=\"wp-image-422\" src=\"https:\/\/www.corogaraizarkomatsorriak.eus\/eusk\/wp-content\/uploads\/sites\/2\/2015\/11\/txelu-300x280.jpg\" alt=\"Txelu\" width=\"303\" height=\"282\" srcset=\"https:\/\/www.corogaraizarkomatsorriak.eus\/eusk\/wp-content\/uploads\/sites\/2\/2015\/11\/txelu-300x280.jpg 300w, https:\/\/www.corogaraizarkomatsorriak.eus\/eusk\/wp-content\/uploads\/sites\/2\/2015\/11\/txelu.jpg 937w\" sizes=\"auto, (max-width: 303px) 100vw, 303px\" \/><\/a><p id=\"caption-attachment-422\" class=\"wp-caption-text\">Txelu<\/p><\/div>\n<p style=\"text-align: justify\">Jose Luis Etxebarria Goiri, 1925eko martxoaren 29an jaio zen Bego\u00f1ako Errepublika zaharrean. Bego\u00f1ako Batzokiaren inguruan dantzan hasiko da.<br \/>Gerra ostean, Dindirri dantza taldean sartuko da. Dantzari eta zuzendari artistiko lanak uztartuko ditu.<br \/>Musika eta txistua jotzen bere kasa ikasiko ditu.<br \/>Santutxuko Gaztedi dantza taldean arituko da irakasten.<br \/>Galdakaoko Andra Mari dantza taldean irakatsiko du.<br \/>Bera da metalezko txistuaren asmatzailea.<br \/>1987an Garaizarko Lagunak abesbatza\u00a0 sortzen du, 1992tik aurrera Garaizarko Matsorriak Abesbatza deiturarekin gizonezkoen abesbatza izango dena.<br \/>1992an Bego\u00f1ako Sustraiak emakumeen abesbatza sortzen da.<br \/>1999an uzten ditu koru bietan zuzendaritza lanak.<br \/>Gaur egun, Txelu Garaizarren bizi da eta itsu egon arren, buru argia mantentzen du eta bere bizipenak bizkor kontatzen dizkigu<\/p>\n<p style=\"text-align: justify\">Jose Luis Etxebarria Goiri, 1925eko martxoaren 29an jaio zen Bego\u00f1ako Errepublika zaharrean. Sei urterekin lehen urratsak eman zituen dantzan Bego\u00f1ako Batzokiaren inguruan. Zortzi urte zituela, 1933.go uztailaren 8an, Bego\u00f1ako Basilikan Agirre Lehendakaria eta Mari Zabalaren ezkontzan \u201caurreskua\u201ddantzatu zuela aipatu daiteke bitxikeri gisa.<\/p>\n<p style=\"text-align: justify\">Gerrak eragindako zailtasunak eta debeku ostean Coral de Bilbaon hasten da dantzan, urte batzuk geroago, Manu Otaduiren zuzendaritzapean, Dindirri izena hartuko duen taldean.<\/p>\n<p style=\"text-align: justify\">Coliseo Albiatik Ayala Antzokiko Gazte Lekura eraman zituzten bere entseguak doako dantza ikuskizunen truke. Bizkaiko lehen dantza taldea izan zen eta zuzendariak gaixotasun baten ondorioz bere ardura utzi zuenean, Txeluk ordezkatu zuen dantzari eta zuzendari artistiko lanak uztartuz.<\/p>\n<p style=\"text-align: justify\">Dantzak txistua ezagutzeko premia sortzen dio eta bere kasa musika eta txistua jotzen ikasiko du Boni Fernandez \u201cBoni\u201dren babesean, Joaquin Landaluzek egindako txistu batekin. Biak garaiko txistulari ezagunak ziren.<\/p>\n<p style=\"text-align: justify\">Urte batzuk lehenago I\u00f1aki Gallaga otxote bateko kidearentzat partiturak kopiatuz pentagramarekin kontaktua hartzen du. Dindirrin solfeoaren metodoarekin ikasiko du musika baina denbora galtzea dela iruditzen zaio. Horregatik, betidanik ezagutzen zituen doinuen txistulari ezagunek ematen zizkioten dantzen partiturak irakurriz, azkartuko du bere ikasketa.<\/p>\n<p style=\"text-align: justify\">35 urterekin, dantzatu, txistua jo eta Dindirrin irakasten du. Santutxuko Gaztedirekin ere arituko da elkarlanean zuzendaritzaren lekukoa Txomin Unzaluri pasatu bitartean. Dindirri utzi eta sei urtera Galdakaoko Andra-Mari taldean irakatsiko du. Betiere bolondres gisa eta eskuzabal arituko da dantzaren munduan, bere bokaziozko jarduna. Tutera, Donostia, Gernikara bidaiatuko dute. Txeluk honako pasadizo hau gogoratzen du: goizeko 5:30etan Bego\u00f1atik irten eta Bizkargi zeharkatuz Ajangizera heldu, 11:30etan dantzatu, txistulari lagun baten Aurre baserrian bazkaldu, entseatu eta ondoren trenez Bego\u00f1ara itzuli.<\/p>\n<p style=\"text-align: justify\">Dantzari eta zuzendari artistiko gisa 28 urtez aritzeak talde bakoitzak bere erara dantzatzen duela erakutsiko dio Txeluri. Horregatik iturrietara joko du eta Durangaldean Berrizko (Alejandro Aldekoa) eta Garaiko taldeek euren dantzak irakatsiko dizkiote. Lekeitioko Kaxarranka eta Arretxinagako San Migelen dantza (Xemeingo dantza) ere jasoko ditu. 1969an, bere lehen liburua argitaratuko du.<\/p>\n<p style=\"text-align: justify\">Hogei urte geroago, aurkituko dituen aldaketak kontuan izanik, berrikuste sakona egin ondoren \u201cBizkaiko dantzak \u2013 1990 urtea\u201d bere bigarren liburua kaleratzen du. Ibilbide horren ondoren, 85 urterekin, gaur egun ere Txelu buruz dantzan aritzen da, berak dioen bezala. Txeluren beste lorpen bat ere aipatu beharra dago: bera izan zen metalezko txistuaren asmatzailea.<\/p>\n<p style=\"text-align: justify\">Jubilatu ondoren, K-To\u00f1o, Juanjo Antiguedad, Epelde\u2026 lagunekin Santagedako usadiozko koplak kantatzera kaleratuko dira, ez dirua biltzeko asmoarekin baizik eta ohitura mantentze aldera. Kantu zaleak izanik kopletatik haratago jarraitzen zuten eta koru bat osatzea eskatzen zieten.<\/p>\n<p style=\"text-align: justify\">1987ko martxoan sortzen da Garaizarko Lagunak. Gaur egungo Jesus Galindez kaleko 10-12 zenbakietako etxabean entseatzen zuten. Gerora frontoiko gela huts batean jarraituko dute. 1989an neska adiskide eta ezagunekin izen bereko emakume abesbatza bat eratzen da.<\/p>\n<p style=\"text-align: justify\">1992an koru biek izena aldatzen dute eta Garaizarko Mahatsorriak hasten da. Izen horrekin B.A.E.n (Bizkaiko Abesbatzen Elkartea) federatzen da. \u201cZergatik ez duzu sortzen gizon-emakumez osaturiko koru bat?\u201d galdetu izan diote Txeluri. Betiere gauza bera erantzun izan du: \u201cEmakume edo gizon taldeak bakarrik daudenean abesbatza gisa kantatzea gura dut. Hori ez da gertatzen koru mistoetan\u201d.<\/p>\n<p style=\"text-align: justify\">1998 urteko Bego\u00f1ako Koral Astean zuzentzen du azkenekoz gizonen abesbatza. Ikusmen arazoengatik utziko du bere ardura eta lekukoa Jose Antonio Kalzada \u201cSurti\u201dk jasoko du. 1999an Bego\u00f1ako Sustraiak emakumeen korua zuzenduko du azkeneko aldiz Bego\u00f1a Koral Astean ere eta ardura Bego\u00f1ako Estitxu Perez Uribarrenen eskuetan utziko du.<\/p>\n<div>\n<p>2015ko apirilaren 20an, Bego\u00f1ako Garaizarko bere etxean hil zen\u00a0 gure lehenengo zuzendaria izan zena, Jos\u00e9 Luis Etxebarria \u00abTxelu\u00bb, 90 urterekin.<\/p>\n<p>Bere bizitzan egindako lana eskertzeko, 2014ko urriaren 12an omenaldi unkigarria eskaini\u00a0genion\u00a0 Campos Antzokian Galdakaoko Andra Mari dantza taldeak eta Garaizarko Matsorriak eta Bego\u00f1ako Sustraiekin batera.<\/p>\n<p>Hileta elizkizuna , 2015eko hilaren 22an, arratsaldeko zazpietan izan zen\u00a0 Bego\u00f1ako Basilikan.<\/p>\n<\/div>\n<div>\u00a0<\/div>\n<div>Goian bego lagun!!<\/div>\n<p style=\"text-align: justify\">.ESTEKAK<\/p>\n<blockquote class=\"wp-embedded-content\" data-secret=\"l7wt0sajJZ\"><p><a href=\"https:\/\/www.corogaraizarkomatsorriak.eus\/eusk\/blog\/la-familia-begonesa-se-viste-de-luto\/\">Bego\u00f1atarrak lutoz jantzita esnatu gara<\/a><\/p><\/blockquote>\n<p><iframe loading=\"lazy\" class=\"wp-embedded-content\" sandbox=\"allow-scripts\" security=\"restricted\" style=\"position: absolute; clip: rect(1px, 1px, 1px, 1px);\" title=\"\u00abBego\u00f1atarrak lutoz jantzita esnatu gara\u00bb \u2014 Coro Garaizarko Matsorriak\" src=\"https:\/\/www.corogaraizarkomatsorriak.eus\/eusk\/blog\/la-familia-begonesa-se-viste-de-luto\/embed\/#?secret=W4Qq37puyl#?secret=l7wt0sajJZ\" data-secret=\"l7wt0sajJZ\" width=\"600\" height=\"338\" frameborder=\"0\" marginwidth=\"0\" marginheight=\"0\" scrolling=\"no\"><\/iframe><\/p>\n<p><a href=\"http:\/\/issuu.com\/santutxuymas\/docs\/santutxu_y_ma_oct_imp\">http:\/\/issuu.com\/santutxuymas\/docs\/santutxu_y_ma_oct_imp<\/a><\/p>\n<p><a href=\"http:\/\/www.corogaraizarkomatsorriak.eus\/wp-content\/uploads\/2015\/12\/berton-txelu.pdf\">http:\/\/www.corogaraizarkomatsorriak.eus\/wp-content\/uploads\/2015\/12\/berton-txelu.pdf<\/a><\/p>\n<p><a href=\"http:\/\/www.corogaraizarkomatsorriak.eus\/wp-content\/uploads\/2015\/12\/deia-2014-09-22.pdf\">http:\/\/www.corogaraizarkomatsorriak.eus\/wp-content\/uploads\/2015\/12\/deia-2014-09-22.pdf<\/a><\/p>\n<p><a href=\"http:\/\/www.corogaraizarkomatsorriak.eus\/wp-content\/uploads\/2015\/12\/deia-2014-10-11-1.pdf\">http:\/\/www.corogaraizarkomatsorriak.eus\/wp-content\/uploads\/2015\/12\/deia-2014-10-11-1.pdf<\/a><\/p>\n<p><a href=\"https:\/\/agenda.elcorreo.com\/evento\/romeria-con-canciones-y-bailes-441969.html\">https:\/\/agenda.elcorreo.com\/evento\/romeria-con-canciones-y-bailes-441969.html<\/a><\/p>\n<p><a href=\"http:\/\/www.corogaraizarkomatsorriak.eus\/wp-content\/uploads\/2015\/12\/p-bilbao-aldizkaria-2014-azaroa.pdf\">http:\/\/www.corogaraizarkomatsorriak.eus\/wp-content\/uploads\/2015\/12\/p-bilbao-aldizkaria-2014-azaroa.pdf<\/a><\/p>\n<p style=\"text-align: justify\"><b>\u00a0<\/b><\/p>\n<p>[\/et_pb_tab][et_pb_tab title=\u00bbJos\u00e9 Antonio Kaltzada Aranburu ||Surti||\u00bb _builder_version=\u00bb4.16&#8243; body_font=\u00bb||||\u00bb body_line_height=\u00bb2em\u00bb tab_font=\u00bb||||\u00bb tab_line_height=\u00bb2em\u00bb background_size=\u00bbinitial\u00bb background_position=\u00bbtop_left\u00bb background_repeat=\u00bbrepeat\u00bb body_line_height_tablet=\u00bb2em\u00bb body_line_height_phone=\u00bb2em\u00bb tab_line_height_tablet=\u00bb2em\u00bb tab_line_height_phone=\u00bb2em\u00bb global_colors_info=\u00bb{}\u00bb]<div id=\"attachment_423\" style=\"width: 221px\" class=\"wp-caption alignright\"><a href=\"https:\/\/www.corogaraizarkomatsorriak.eus\/eusk\/wp-content\/uploads\/sites\/2\/2015\/11\/surti.jpg\"><img loading=\"lazy\" decoding=\"async\" aria-describedby=\"caption-attachment-423\" class=\"size-medium wp-image-423\" src=\"https:\/\/www.corogaraizarkomatsorriak.eus\/eusk\/wp-content\/uploads\/sites\/2\/2015\/11\/surti-211x300.jpg\" alt=\"Surti\" width=\"211\" height=\"300\" srcset=\"https:\/\/www.corogaraizarkomatsorriak.eus\/eusk\/wp-content\/uploads\/sites\/2\/2015\/11\/surti-211x300.jpg 211w, https:\/\/www.corogaraizarkomatsorriak.eus\/eusk\/wp-content\/uploads\/sites\/2\/2015\/11\/surti-719x1024.jpg 719w, https:\/\/www.corogaraizarkomatsorriak.eus\/eusk\/wp-content\/uploads\/sites\/2\/2015\/11\/surti.jpg 798w\" sizes=\"auto, (max-width: 211px) 100vw, 211px\" \/><\/a><p id=\"caption-attachment-423\" class=\"wp-caption-text\">Surti<\/p><\/div><\/p>\n<p style=\"text-align: justify\">Haurtzaroan hasi zuen harremana musikarekin Juan Ojangurenen zuzendaritzapean Gernikako Andra Mari Parrokiako abesbatzako bakarlari tiple gisa. Ojanguren jaunarekin hasi zen solfeoa eta pianoa ikasten. Hamahiru urte zituela Arteako Seminariora joan zen. Bertan jarraitu zuen musika eta piano karrera Salvador Rada jauna Bilboko Corpus Christiko organo-jolearen zuzendaritzapean. Musika-ikastaro guztietan aparteko notak atera zituen. Bertan hasi zuen harremana kantu gregorianorekin, interprete bikaina bilakatuz. Derioko Seminarioko organo-jole titularra izan zen, baita bere ikasturteko otxotearen zuzendaria ere, seminarioan bertan ospatutako zenbait lehiaketa irabaziz. Basauriko San Migel parrokiako organo-jole izendatu zuten. San Antoneko parrokiara bidali zuten 1971. urtean eta San Anton Orfeoia zuzendu zuen bertan, hamaika egitarau sortuz: \u00bb La pascua cristiana&#8217;, \u201cEl ni\u00f1o, Esperanza del Pueblo\u00bb,\u00bb El Baserri como fuente de expansi\u00f3n de la identidad vasca\u201d. Bizkaian eta Gipuzkoan barrena ibili zen kontzertu horiekin 1972 eta 1975 urteen bitartean. Sekularizatu ondoren musika lanak alde batera utzi zituen. Alabaina, 1998. urtean\u00a0 \u201cGaraizarko Matsorriak\u201d abesbatzak, orduko zuzendari I\u00f1aki Epelderen bitartez, bere musika-oporralditik berreskuratu eta berriro ere gure herriko kulturan oso garrantzitsua izan den lanera itzularazi zuen.<\/p>\n<p>&nbsp;<\/p>\n<p>&nbsp;<br \/>\n[\/et_pb_tab][et_pb_tab title=\u00bbMiren Zubieta Egia\u00bb _builder_version=\u00bb4.16&#8243; body_font=\u00bb||||\u00bb body_line_height=\u00bb2em\u00bb tab_font=\u00bb||||\u00bb tab_line_height=\u00bb2em\u00bb background_size=\u00bbinitial\u00bb background_position=\u00bbtop_left\u00bb background_repeat=\u00bbrepeat\u00bb body_line_height_tablet=\u00bb2em\u00bb body_line_height_phone=\u00bb2em\u00bb tab_line_height_tablet=\u00bb2em\u00bb tab_line_height_phone=\u00bb2em\u00bb global_colors_info=\u00bb{}\u00bb]<\/p>\n<p style=\"text-align: center\"><div class='et-box et-shadow'>\n\t\t\t\t\t<div class='et-box-content'><h3>Miren Zubieta Egia<\/h3>\n<h4>Ikasketak.<\/h4>\n<ul>\n<li>Juan Crisostomo Arriaga Bilboko Musika Kontserbatorioko tituluak: solfeo, piano, kontrabaxu, eskusoinu, txistu, musikaren teoria, akonpainamendu, transposizio eta konposizioko irakaslea.<\/li>\n<li><a href=\"https:\/\/www.corogaraizarkomatsorriak.eus\/eusk\/wp-content\/uploads\/sites\/2\/2022\/11\/IMG-20221112-WA0001.jpg\"><img loading=\"lazy\" decoding=\"async\" class=\"wp-image-3471  alignright\" src=\"https:\/\/www.corogaraizarkomatsorriak.eus\/eusk\/wp-content\/uploads\/sites\/2\/2022\/11\/IMG-20221112-WA0001.jpg\" alt=\"\" width=\"392\" height=\"240\" srcset=\"https:\/\/www.corogaraizarkomatsorriak.eus\/eusk\/wp-content\/uploads\/sites\/2\/2022\/11\/IMG-20221112-WA0001.jpg 322w, https:\/\/www.corogaraizarkomatsorriak.eus\/eusk\/wp-content\/uploads\/sites\/2\/2022\/11\/IMG-20221112-WA0001-300x184.jpg 300w\" sizes=\"auto, (max-width: 392px) 100vw, 392px\" \/><\/a>Abesbatza eta orkestra zuzendaritzan eta ahots-teknikan ikasketak.<\/li>\n<li>Ikasketak honako gai hauetan: irakaskuntza eta zentroen antolaketa eta zuzendaritza, lege kontuak, pedagogia, kantu gregorianoa, ganbara-musika eta kontrabaxua.<\/li>\n<\/ul>\n<h3>KARRERA PEDAGOGIKOA:<\/h3>\n<ul>\n<li>1986 urtetik Leioako Udal Kontserbatorioko txistu eta abesbatza irakasle titularra.<\/li>\n<li>1991-2008 piano, hizkuntz musikala, txistu eta kontrabaxu irakaslea eta orkestra eta abots zuriko abesbatzen zuzendaria Bedmar-eko Musika Kontserbatorioan.<\/li>\n<li>1991-2007 Bedmar-eko Musika Kontserbatorioko Zuzendari pedagogikoa.<\/li>\n<li>1992-2001 Larrabetzuko Musika Eskolako txistu, kontrabaxu eta ahots-teknikako irakaslea<\/li>\n<li>Derioko Musika Eskolaren sortzailea eta irakaslea.<\/li>\n<li>2008-2013 Hizkuntz musikala eta txistu irakaslea Bego\u00f1azpi eta Betiko Ikastoletan.<\/li>\n<li>2009-2016 Arratiako Musika Eskolako txistu eta abesbatzaren irakaslea.<\/li>\n<li>2010-2016 Amorebieta-Etxanoko Zubiaur Musika Eskolaren txistu irakaslea.<\/li>\n<li>2013-2014 Bego\u00f1ako Sustraik Abesbatzaren Ahots-teknikaren irakaslea.<\/li>\n<\/ul>\n<p>INSTRUMENTISTA-JARDUERA:<\/p>\n<ul>\n<li>1981-1991 Mungiako Gure Ametza Taldea txistu taldearen sortzailea eta zuzendaria.<\/li>\n<li>1987 Juan Crisostomo Arriaga Bilboko Musika Kontserbatorioko abesbatza eta orkestrako kidea.<\/li>\n<li>1986-1993 Andres Isasi ganbara-orkestrako lehen kontrabaxua.<\/li>\n<li>1989-1991 Jesus Arambarri abesbatzako pianista ofiziala.<\/li>\n<li>1997-2001 Kantabriako Musika Orkestrako lehen kontrabaxua.<\/li>\n<li>2001. urtetik Barakaldo Antzokiko zartzuela-orkestrako kidea.<\/li>\n<li>1997-2002 Bilboko Aste Nagusiko txistulari alardea zuzendu zuen.<\/li>\n<li>2007 Berziztu elkartearen kontzertua zuzendu zuen.<\/li>\n<\/ul>\n<p>ESPERIENTZIA-KORALA:<\/p>\n<ul>\n<li>1985. urtetik Deustuko Ikas Ama ahots zuri helduen abesbatzako sopranoa eta Leioako San Juan Bautista koralaren kidea.<\/li>\n<li>1992-2001 Larrabetzuko Izar Argia abesbatza \u201ctxiki\u201da zuzendu zuen.<\/li>\n<li>2001 Euskadiko ahots zurien kontzertua zuzendu zuen (San Mames futbol zelaian) Bilboko hiriaren 700. urteurrena zela eta.<\/li>\n<li>2006-2012 Zornotzako Udalen ahots zuri helduen abesbatzaren zuzendaria.<\/li>\n<li>2008 urteko urtarriletik Bego\u00f1ako Garaizarko Matsorriak (Bilbo) ahots\u00a0baxuen abesbatzaren zuzendaria.<\/li>\n<li>2009-2012\u00a0 Lezamako Ekidazu abesbatza mistoaren zuzendaria.<b>\u00a0<\/b><\/li>\n<li>2015 urtetik Gautegiz-Arteagako\u00a0 \u00abArtiako Abesbatzaren\u00bb zuzendaria (ahots nahasiak).<\/li>\n<li>2016 urtetik Bilboko \u00abSanfran korue\u00bb abesbatzaren zuzendaria (ahots nahasiak).<\/li>\n<li>2018ko irailetik egunera Igorreko \u00abLuis Iruarrizaga ahots nahasien abesbatzaren zuzendaria.<\/li>\n<li>2019ko otsailetik aurrera Zeanuriko abesbatzaren zuzendaria.<\/li>\n<\/ul>\n<p style=\"text-align: center\"><\/div><\/div><\/p>\n<div class=\"clearer\">\u00a0<\/div>\n<p>&nbsp;<\/p>\n<p>&nbsp;<\/p>\n<p>[\/et_pb_tab][\/et_pb_tabs][\/et_pb_column][\/et_pb_row][\/et_pb_section]<\/p>\n","protected":false},"excerpt":{"rendered":"<p>Jos\u00e9 Luis Etxebarria \u201cTxelu\u201dren biografia Jose Luis Etxebarria Goiri, 1925eko martxoaren 29an jaio zen Bego\u00f1ako Errepublika zaharrean. Bego\u00f1ako Batzokiaren inguruan dantzan hasiko da.Gerra ostean, Dindirri dantza taldean sartuko da. Dantzari [&hellip;]<\/p>\n","protected":false},"author":1,"featured_media":3880,"parent":0,"menu_order":0,"comment_status":"closed","ping_status":"closed","template":"","meta":{"_et_pb_use_builder":"on","_et_pb_old_content":"","_et_gb_content_width":"","footnotes":""},"class_list":["post-421","page","type-page","status-publish","has-post-thumbnail","hentry"],"_links":{"self":[{"href":"https:\/\/www.corogaraizarkomatsorriak.eus\/eusk\/wp-json\/wp\/v2\/pages\/421","targetHints":{"allow":["GET"]}}],"collection":[{"href":"https:\/\/www.corogaraizarkomatsorriak.eus\/eusk\/wp-json\/wp\/v2\/pages"}],"about":[{"href":"https:\/\/www.corogaraizarkomatsorriak.eus\/eusk\/wp-json\/wp\/v2\/types\/page"}],"author":[{"embeddable":true,"href":"https:\/\/www.corogaraizarkomatsorriak.eus\/eusk\/wp-json\/wp\/v2\/users\/1"}],"replies":[{"embeddable":true,"href":"https:\/\/www.corogaraizarkomatsorriak.eus\/eusk\/wp-json\/wp\/v2\/comments?post=421"}],"version-history":[{"count":25,"href":"https:\/\/www.corogaraizarkomatsorriak.eus\/eusk\/wp-json\/wp\/v2\/pages\/421\/revisions"}],"predecessor-version":[{"id":4048,"href":"https:\/\/www.corogaraizarkomatsorriak.eus\/eusk\/wp-json\/wp\/v2\/pages\/421\/revisions\/4048"}],"wp:featuredmedia":[{"embeddable":true,"href":"https:\/\/www.corogaraizarkomatsorriak.eus\/eusk\/wp-json\/wp\/v2\/media\/3880"}],"wp:attachment":[{"href":"https:\/\/www.corogaraizarkomatsorriak.eus\/eusk\/wp-json\/wp\/v2\/media?parent=421"}],"curies":[{"name":"wp","href":"https:\/\/api.w.org\/{rel}","templated":true}]}}