{"id":408,"date":"2015-11-09T15:30:11","date_gmt":"2015-11-09T15:30:11","guid":{"rendered":"http:\/\/www.corogaraizarkomatsorriak.eus\/eusk\/wordpress\/?page_id=408"},"modified":"2026-03-19T19:00:17","modified_gmt":"2026-03-19T19:00:17","slug":"componentes","status":"publish","type":"page","link":"https:\/\/www.corogaraizarkomatsorriak.eus\/eusk\/componentes\/","title":{"rendered":"KORUKIDEAK"},"content":{"rendered":"<p>[et_pb_section fb_built=\u00bb1&#8243; fullwidth=\u00bbon\u00bb admin_label=\u00bbSecci\u00f3n\u00bb _builder_version=\u00bb4.16&#8243; global_colors_info=\u00bb{}\u00bb][et_pb_fullwidth_post_title meta=\u00bboff\u00bb featured_placement=\u00bbbackground\u00bb text_color=\u00bblight\u00bb text_background=\u00bbon\u00bb text_bg_color=\u00bbrgba(255,255,255,0.42)\u00bb admin_label=\u00bbT\u00edtulo de publicaci\u00f3n de anchura completa\u00bb _builder_version=\u00bb4.16&#8243; title_font_size=\u00bb45px\u00bb title_all_caps=\u00bboff\u00bb background_color=\u00bbrgba(255,255,255,0)\u00bb parallax=\u00bbon\u00bb parallax_method=\u00bboff\u00bb text_orientation=\u00bbcenter\u00bb custom_padding=\u00bb100px||400px|\u00bb parallax_effect=\u00bbon\u00bb module_bg_color=\u00bbrgba(255,255,255,0)\u00bb use_border_color=\u00bboff\u00bb border_color=\u00bb#ffffff\u00bb border_style=\u00bbsolid\u00bb global_colors_info=\u00bb{}\u00bb][\/et_pb_fullwidth_post_title][\/et_pb_section][et_pb_section fb_built=\u00bb1&#8243; admin_label=\u00bbsection\u00bb _builder_version=\u00bb4.16&#8243; global_colors_info=\u00bb{}\u00bb][et_pb_row admin_label=\u00bbFila\u00bb _builder_version=\u00bb4.16&#8243; background_size=\u00bbinitial\u00bb background_position=\u00bbtop_left\u00bb background_repeat=\u00bbrepeat\u00bb global_colors_info=\u00bb{}\u00bb][et_pb_column type=\u00bb4_4&#8243; _builder_version=\u00bb4.16&#8243; custom_padding=\u00bb|||\u00bb global_colors_info=\u00bb{}\u00bb custom_padding__hover=\u00bb|||\u00bb][et_pb_tabs admin_label=\u00bbPesta\u00f1as\u00bb _builder_version=\u00bb4.22.1&#8243; tab_font_size=\u00bb17&#8243; tab_letter_spacing=\u00bb4px\u00bb background_size=\u00bbinitial\u00bb background_position=\u00bbtop_left\u00bb background_repeat=\u00bbrepeat\u00bb hover_enabled=\u00bb0&#8243; global_colors_info=\u00bb{}\u00bb sticky_enabled=\u00bb0&#8243;][et_pb_tab title=\u00bbKORUKIDEAK\u00bb _builder_version=\u00bb4.22.1&#8243; body_font=\u00bb||||\u00bb body_line_height=\u00bb2em\u00bb tab_font=\u00bb||||\u00bb tab_line_height=\u00bb2em\u00bb background_size=\u00bbinitial\u00bb background_position=\u00bbtop_left\u00bb background_repeat=\u00bbrepeat\u00bb hover_enabled=\u00bb0&#8243; body_line_height_tablet=\u00bb2em\u00bb body_line_height_phone=\u00bb2em\u00bb tab_line_height_tablet=\u00bb2em\u00bb tab_line_height_phone=\u00bb2em\u00bb global_colors_info=\u00bb{}\u00bb sticky_enabled=\u00bb0&#8243;]<\/p>\n<table class=\"content alignleft\" width=\"100%\" cellspacing=\"2\">\n<tbody>\n<tr class=\"header\">\n<td class=\"headercell\" align=\"left\" valign=\"top\" width=\"100%\">\n<h3>Zuzendaria<\/h3>\n<\/td>\n<\/tr>\n<tr class=\"even\">\n<td class=\"cell\" align=\"left\" valign=\"top\" width=\"100%\">Izaskun Kintana Arkoitza<\/td>\n<\/tr>\n<\/tbody>\n<\/table>\n<div class=\"clearer\">\u00a0<\/div>\n<table class=\"content\" style=\"width: 100%\" width=\"100%\" cellspacing=\"2\">\n<tbody>\n<tr class=\"header\" style=\"height: 76px\">\n<td class=\"headercell\" style=\"height: 76px;width: 100%\" align=\"left\" valign=\"top\" width=\"100%\">\n<h3>Tenore lehenak (4)<\/h3>\n<\/td>\n<\/tr>\n<tr class=\"even\" style=\"height: 23px\">\n<td class=\"cell\" style=\"height: 23px;width: 100%\" align=\"left\" valign=\"top\" width=\"100%\">Juanjo Garc\u00eda Antig\u00fcedad<\/td>\n<\/tr>\n<tr class=\"odd\" style=\"height: 23px\">\n<td class=\"cell\" style=\"height: 23px;width: 100%\" align=\"left\" valign=\"top\" width=\"100%\">Joseba Sarasola Gabiola<\/td>\n<\/tr>\n<tr class=\"odd\" style=\"height: 23px\">\n<td class=\"cell\" style=\"height: 23px;width: 100%\" align=\"left\" valign=\"top\" width=\"100%\">Cosme Tamayo Sal\u00e1n<\/td>\n<\/tr>\n<tr>\n<td style=\"width: 100%\">Rodolfo Itui\u00f1o Mardones<\/td>\n<\/tr>\n<tr>\n<td style=\"width: 100%\">\u00a0<\/td>\n<\/tr>\n<\/tbody>\n<\/table>\n<div class=\"clearer\">\u00a0<\/div>\n<table class=\"content\" style=\"width: 100%;height: 214px\" width=\"100%\" cellspacing=\"2\">\n<tbody>\n<tr class=\"header\" style=\"height: 76px\">\n<td class=\"headercell\" style=\"height: 76px\" align=\"left\" valign=\"top\" width=\"100%\">\n<h3>Tenore bigarrenak (5)<\/h3>\n<\/td>\n<\/tr>\n<tr class=\"even\" style=\"height: 23px\">\n<td class=\"cell\" style=\"height: 23px\" align=\"left\" valign=\"top\" width=\"100%\">Mikel Baroja Lasa<\/td>\n<\/tr>\n<tr class=\"odd\" style=\"height: 23px\">\n<td class=\"cell\" style=\"height: 23px\" align=\"left\" valign=\"top\" width=\"100%\">J.Javier Cantera P\u00e9rez<\/td>\n<\/tr>\n<tr class=\"odd\" style=\"height: 23px\">\n<td class=\"cell\" style=\"height: 23px\" align=\"left\" valign=\"top\" width=\"100%\">Jon Aranguiz Antepara<\/td>\n<\/tr>\n<tr class=\"even\" style=\"height: 23.38px\">\n<td class=\"cell\" style=\"height: 23px\" align=\"left\" valign=\"top\" width=\"100%\">Jes\u00fas Fraile Villabeitia<\/td>\n<\/tr>\n<tr style=\"height: 23px\">\n<td style=\"height: 23px\">Javier Mu\u00f1iz Ugalde<\/td>\n<\/tr>\n<\/tbody>\n<\/table>\n<div class=\"clearer\">\u00a0<\/div>\n<table class=\"content\" style=\"height: 190px;width: 67.7885%\" width=\"824\" cellspacing=\"2\">\n<tbody>\n<tr class=\"header\" style=\"height: 77px\">\n<td class=\"headercell\" style=\"height: 45px\" align=\"left\" valign=\"top\" width=\"100%\">\n<h3>Baritonoak (5)<\/h3>\n<\/td>\n<\/tr>\n<tr class=\"odd\" style=\"height: 37px\">\n<td class=\"cell\" style=\"height: 31px\" align=\"left\" valign=\"top\" width=\"100%\">Fernando Iraeta Quintela<\/td>\n<\/tr>\n<tr class=\"even\" style=\"height: 37px\">\n<td class=\"cell\" style=\"height: 31px\" align=\"left\" valign=\"top\" width=\"100%\">Xabier Agirre Arizmendi<\/td>\n<\/tr>\n<tr class=\"odd\" style=\"height: 37px\">\n<td class=\"cell\" style=\"height: 30px\" align=\"left\" valign=\"top\" width=\"100%\">Luis M\u00aa Ruibal Duque<\/td>\n<\/tr>\n<tr style=\"height: 30px\">\n<td style=\"height: 30px\">Enrique Garc\u00eda Mart\u00ednez<\/td>\n<\/tr>\n<tr style=\"height: 23px\">\n<td style=\"height: 23px\">Joseba Pinilla Larrazabal<\/td>\n<\/tr>\n<\/tbody>\n<\/table>\n<div class=\"clearer\">\u00a0<\/div>\n<table class=\"content\" style=\"width: 100%;height: 168px\" width=\"100%\" cellspacing=\"2\">\n<tbody>\n<tr class=\"header\" style=\"height: 76px\">\n<td class=\"headercell\" style=\"height: 76px\" align=\"left\" valign=\"top\" width=\"100%\">\n<h3>Baxuak (3)<\/h3>\n<\/td>\n<\/tr>\n<tr style=\"height: 23px\">\n<td style=\"height: 23px\">\u00a0<\/td>\n<\/tr>\n<tr class=\"odd\" style=\"height: 23px\">\n<td class=\"cell\" style=\"height: 23px\" align=\"left\" valign=\"top\" width=\"100%\">Javi Guti\u00e9rrez Mazorriaga<\/td>\n<\/tr>\n<tr class=\"even\" style=\"height: 23px\">\n<td class=\"cell\" style=\"height: 23px\" align=\"left\" valign=\"top\" width=\"100%\">Jos\u00e9 Luis Palacios Recalde<\/td>\n<\/tr>\n<tr class=\"even\" style=\"height: 23px\">\n<td class=\"cell\" style=\"height: 23px\" align=\"left\" valign=\"top\" width=\"100%\">Jon Renteria Goirigolzarri<\/td>\n<\/tr>\n<\/tbody>\n<\/table>\n<p>&nbsp;<\/p>\n<p>[\/et_pb_tab][et_pb_tab title=\u00bbZUZENDARITZA BATZORDEA\u00bb _builder_version=\u00bb4.16&#8243; body_font=\u00bb||||\u00bb body_line_height=\u00bb2em\u00bb tab_font=\u00bb||||\u00bb tab_line_height=\u00bb2em\u00bb background_size=\u00bbinitial\u00bb background_position=\u00bbtop_left\u00bb background_repeat=\u00bbrepeat\u00bb body_line_height_tablet=\u00bb2em\u00bb body_line_height_phone=\u00bb2em\u00bb tab_line_height_tablet=\u00bb2em\u00bb tab_line_height_phone=\u00bb2em\u00bb global_colors_info=\u00bb{}\u00bb]<\/p>\n<h2>Presidentea<\/h2>\n<div class=\"clearer\">\u00a0<\/div>\n<table class=\"content\" width=\"100%\" cellspacing=\"2\">\n<tbody>\n<tr class=\"header\">\n<td class=\"headercell\" align=\"left\" valign=\"top\" width=\"100%\">Fernando Iraeta Quintela<\/td>\n<\/tr>\n<\/tbody>\n<\/table>\n<p>&nbsp;<\/p>\n<h2><a name=\"631740a0e100d0201\"><\/a>Presidenteordea<\/h2>\n<div class=\"clearer\">\u00a0<\/div>\n<table class=\"content\" width=\"100%\" cellspacing=\"2\">\n<tbody>\n<tr class=\"header\">\n<td class=\"headercell\" align=\"left\" valign=\"top\" width=\"100%\">Xabier Agirre Arizmendi<\/td>\n<\/tr>\n<\/tbody>\n<\/table>\n<p>&nbsp;<\/p>\n<h2><a name=\"1307839eab0dd2912\"><\/a>Idazkaria<\/h2>\n<div class=\"clearer\">\u00a0<\/div>\n<table class=\"content\" width=\"100%\" cellspacing=\"2\">\n<tbody>\n<tr class=\"header\">\n<td class=\"headercell\" align=\"left\" valign=\"top\" width=\"100%\">Mikel Baroja Lasa<\/td>\n<\/tr>\n<\/tbody>\n<\/table>\n<p>&nbsp;<\/p>\n<h2><a name=\"1307839eab0dd5613\"><\/a>Diruzaina<\/h2>\n<div class=\"clearer\">\u00a0<\/div>\n<table class=\"content\" width=\"100%\" cellspacing=\"2\">\n<tbody>\n<tr class=\"header\">\n<td class=\"headercell\" align=\"left\" valign=\"top\" width=\"100%\">Joseba Sarasola Gabiola<\/td>\n<\/tr>\n<\/tbody>\n<\/table>\n<p>&nbsp;<\/p>\n<h2><a name=\"1307839eab0dd7714\"><\/a>Bokalak<\/h2>\n<div class=\"clearer\">\u00a0<\/div>\n<table class=\"content\" width=\"100%\" cellspacing=\"2\">\n<tbody>\n<tr class=\"header\">\n<td class=\"headercell\" align=\"left\" valign=\"top\" width=\"100%\">Jon Renteria Goirigolzarri<\/td>\n<\/tr>\n<tr class=\"even\">\n<td class=\"headercell\" align=\"left\" valign=\"top\" width=\"100%\">Jos\u00e9 Luis Palacios Rekalde<\/td>\n<\/tr>\n<tr class=\"even\">\n<td class=\"headercell\" align=\"left\" valign=\"top\" width=\"100%\">Jes\u00fas Fraile Villabeitia<\/td>\n<\/tr>\n<\/tbody>\n<\/table>\n<p>&nbsp;<\/p>\n<p>[\/et_pb_tab][et_pb_tab title=\u00bbKORUKIDE OHIAK\u00bb _builder_version=\u00bb4.22.1&#8243; body_font=\u00bb||||\u00bb body_line_height=\u00bb2em\u00bb tab_font=\u00bb||||\u00bb tab_line_height=\u00bb2em\u00bb background_size=\u00bbinitial\u00bb background_position=\u00bbtop_left\u00bb background_repeat=\u00bbrepeat\u00bb hover_enabled=\u00bb0&#8243; body_line_height_tablet=\u00bb2em\u00bb body_line_height_phone=\u00bb2em\u00bb tab_line_height_tablet=\u00bb2em\u00bb tab_line_height_phone=\u00bb2em\u00bb global_colors_info=\u00bb{}\u00bb sticky_enabled=\u00bb0&#8243;]<\/p>\n<table class=\"content aligncenter\" width=\"100%\" cellspacing=\"2\">\n<tbody>\n<tr class=\"header\">\n<td class=\"headercell\" align=\"left\" valign=\"top\" width=\"100%\">\n<h3>Tenore lehenak<\/h3>\n<\/td>\n<\/tr>\n<tr>\n<td>Jos\u00e9 Ignacio Bego\u00f1a \u256c<\/td>\n<\/tr>\n<tr>\n<td>Juan Etxebarria \u256c<\/td>\n<\/tr>\n<tr>\n<td>Kirene Etxebarria \u256c<\/td>\n<\/tr>\n<tr>\n<td>Jos\u00e9 Luis Zalbidea \u256c<\/td>\n<\/tr>\n<tr class=\"odd\">\n<td class=\"cell\" align=\"left\" valign=\"top\" width=\"100%\">Jos\u00e9 Antonio Alves \u256c<\/td>\n<\/tr>\n<tr class=\"even\">\n<td class=\"cell\" align=\"left\" valign=\"top\" width=\"100%\">Nicol\u00e1s Rodr\u00edguez \u256c<\/td>\n<\/tr>\n<tr class=\"odd\">\n<td class=\"cell\" align=\"left\" valign=\"top\" width=\"100%\">Josu Esnarrizaga<\/td>\n<\/tr>\n<tr class=\"even\">\n<td class=\"cell\" align=\"left\" valign=\"top\" width=\"100%\">Joseba Bego\u00f1a \u256c<\/td>\n<\/tr>\n<tr>\n<td>Xabier Etxebarria Arrazola<\/td>\n<\/tr>\n<tr class=\"even\">\n<td class=\"cell\" align=\"left\" valign=\"top\" width=\"100%\">Jos\u00e9 Ignacio Del Campo D\u00edez<\/td>\n<\/tr>\n<tr class=\"even\">\n<td class=\"cell\" align=\"left\" valign=\"top\" width=\"100%\">Carlos Mart\u00edn<\/td>\n<\/tr>\n<tr class=\"even\">\n<td class=\"cell\" align=\"left\" valign=\"top\" width=\"100%\">Jon Andoni Frade Villar (K-To\u00f1o) \u256c<\/td>\n<\/tr>\n<tr class=\"even\">\n<td class=\"cell\" align=\"left\" valign=\"top\" width=\"100%\">Jes\u00fas Pinillos Esparza<\/td>\n<\/tr>\n<tr>\n<td>Juantxu Zarrabe Irazabal<\/td>\n<\/tr>\n<tr>\n<td>J. Carlos Mart\u00ednez Vallejo \u256c<\/td>\n<\/tr>\n<tr>\n<td>Fernando Esteban Aguirre \u256c<\/td>\n<\/tr>\n<tr>\n<td>Ram\u00f3n Bl\u00e1zquez Otaola \u256c<\/td>\n<\/tr>\n<tr>\n<td>Juan Mar\u00eda Salmant\u00f3n Uriondo<\/td>\n<\/tr>\n<tr>\n<td>Antonio Anaya Cort\u00e9s<\/td>\n<\/tr>\n<tr>\n<td>Teodoro Hern\u00e1ndez Bola\u00f1o<\/td>\n<\/tr>\n<tr>\n<td>Abel Charc\u00e1n Ruiz<\/td>\n<\/tr>\n<tr>\n<td>Alex Txarkan Losada<\/td>\n<\/tr>\n<\/tbody>\n<\/table>\n<p>&nbsp;<\/p>\n<div class=\"clearer\">\u00a0<\/div>\n<table class=\"content\" style=\"width: 100%;height: 444px\" width=\"100%\" cellspacing=\"2\">\n<tbody>\n<tr class=\"header\" style=\"height: 76px\">\n<td class=\"headercell\" style=\"height: 76px;width: 100%\" align=\"left\" valign=\"top\" width=\"100%\">\n<h3>Tenore bigarrenak<\/h3>\n<\/td>\n<\/tr>\n<tr style=\"height: 23px\">\n<td style=\"width: 100%;height: 23px\">Manuel Crespo \u256c<\/td>\n<\/tr>\n<tr style=\"height: 23px\">\n<td style=\"width: 100%;height: 23px\">Mikel Etxarte<\/td>\n<\/tr>\n<tr style=\"height: 23px\">\n<td style=\"width: 100%;height: 23px\">Gaspar Fern\u00e1ndez<\/td>\n<\/tr>\n<tr>\n<td style=\"width: 100%\">Jes\u00fas Mar\u00eda Abrisqueta \u256c<\/td>\n<\/tr>\n<tr class=\"even\" style=\"height: 23px\">\n<td class=\"cell\" style=\"height: 23px;width: 100%\" align=\"left\" valign=\"top\" width=\"100%\">I\u00f1aki Baroja Lasa \u256c<\/td>\n<\/tr>\n<tr class=\"odd\" style=\"height: 23px\">\n<td class=\"cell\" style=\"height: 23px;width: 100%\" align=\"left\" valign=\"top\" width=\"100%\">Juan Antonio Rodr\u00edguez<\/td>\n<\/tr>\n<tr class=\"even\" style=\"height: 23px\">\n<td class=\"cell\" style=\"height: 23px;width: 100%\" align=\"left\" valign=\"top\" width=\"100%\">Pedro Hernando Arranz<\/td>\n<\/tr>\n<tr class=\"even\" style=\"height: 23px\">\n<td class=\"cell\" style=\"height: 23px;width: 100%\" align=\"left\" valign=\"top\" width=\"100%\">Jos\u00e9 Luis F\u00e9lix Caro \u256c<\/td>\n<\/tr>\n<tr class=\"even\" style=\"height: 23px\">\n<td class=\"cell\" style=\"height: 23px;width: 100%\" align=\"left\" valign=\"top\" width=\"100%\">Jos\u00e9 Luis Izkara (Txato)<\/td>\n<\/tr>\n<tr class=\"even\" style=\"height: 23px\">\n<td class=\"cell\" style=\"height: 23px;width: 100%\" align=\"left\" valign=\"top\" width=\"100%\">Mikel Barre\u00f1a Pinedo<\/td>\n<\/tr>\n<tr class=\"even\" style=\"height: 23px\">\n<td class=\"cell\" style=\"height: 23px;width: 100%\" align=\"left\" valign=\"top\" width=\"100%\">Juanan Amunategi<\/td>\n<\/tr>\n<tr class=\"even\" style=\"height: 23px\">\n<td class=\"cell\" style=\"height: 23px;width: 100%\" align=\"left\" valign=\"top\" width=\"100%\">Julio Salazar Murga<\/td>\n<\/tr>\n<tr style=\"height: 23px\">\n<td style=\"height: 23px;width: 100%\">Esteban Cadarso Zubieta<\/td>\n<\/tr>\n<tr style=\"height: 23px\">\n<td style=\"height: 23px;width: 100%\">Jose Mar\u00eda Janices Lerga<\/td>\n<\/tr>\n<tr style=\"height: 23px\">\n<td style=\"height: 23px;width: 100%\">Josu Bilbao Bizkarguenaga<\/td>\n<\/tr>\n<tr style=\"height: 23px\">\n<td style=\"height: 23px;width: 100%\">Antxon Arsuaga Etxebeste \u256c<\/td>\n<\/tr>\n<tr style=\"height: 23px\">\n<td style=\"width: 100%;height: 23px\">Alberto Magdaleno P\u00e9rez<\/td>\n<\/tr>\n<\/tbody>\n<\/table>\n<p>&nbsp;<\/p>\n<div class=\"clearer\">\u00a0<\/div>\n<table class=\"content\" width=\"100%\" cellspacing=\"2\">\n<tbody>\n<tr class=\"header\">\n<td class=\"headercell\" align=\"left\" valign=\"top\" width=\"100%\">\n<h3>Baritonoak<\/h3>\n<\/td>\n<\/tr>\n<tr>\n<td>I\u00f1aki Salvarrey \u256c<\/td>\n<\/tr>\n<tr>\n<td>Sabin Ziarsolo \u256c<\/td>\n<\/tr>\n<tr>\n<td>Eneko\u00a0Barrutia<\/td>\n<\/tr>\n<tr>\n<td>Xabier Barrutia<\/td>\n<\/tr>\n<tr>\n<td>Aitor Etrxebarria<\/td>\n<\/tr>\n<tr class=\"even\">\n<td class=\"cell\" align=\"left\" valign=\"top\" width=\"100%\">Carlos Gallastegi Guenetxea \u256c<\/td>\n<\/tr>\n<tr class=\"odd\">\n<td class=\"cell\" align=\"left\" valign=\"top\" width=\"100%\">Javier Iribarren<\/td>\n<\/tr>\n<tr class=\"even\">\n<td class=\"cell\" align=\"left\" valign=\"top\" width=\"100%\">Jose Ignacio Suso \u256c<\/td>\n<\/tr>\n<tr class=\"odd\">\n<td class=\"cell\" align=\"left\" valign=\"top\" width=\"100%\">Imanol Ajuria<\/td>\n<\/tr>\n<tr class=\"even\">\n<td class=\"cell\" align=\"left\" valign=\"top\" width=\"100%\">Gabriel Palacios \u256c<\/td>\n<\/tr>\n<tr class=\"odd\">\n<td class=\"cell\" align=\"left\" valign=\"top\" width=\"100%\">Marcelino Kamara \u256c<\/td>\n<\/tr>\n<tr class=\"even\">\n<td class=\"cell\" align=\"left\" valign=\"top\" width=\"100%\">Kuireka Etxebarria<\/td>\n<\/tr>\n<tr class=\"odd\">\n<td class=\"cell\" align=\"left\" valign=\"top\" width=\"100%\">Jos\u00e9 Antonio Elexpuru\u00a0\u256c<\/td>\n<\/tr>\n<tr class=\"odd\">\n<td class=\"cell\" align=\"left\" valign=\"top\" width=\"100%\">Jos\u00e9 Antonio Kaltzada Aranburu \u201cSurti\u201d \u256c<\/td>\n<\/tr>\n<tr class=\"odd\">\n<td class=\"cell\" align=\"left\" valign=\"top\" width=\"100%\">Pedro P\u00e9rez de Diego \u256c<\/td>\n<\/tr>\n<tr class=\"odd\">\n<td class=\"cell\" align=\"left\" valign=\"top\" width=\"100%\">Celestino Alonso Rodr\u00edguez (Txeles)<\/td>\n<\/tr>\n<tr>\n<td>Narci Garc\u00e9s Esteban \u256c<\/td>\n<\/tr>\n<tr>\n<td>Dani San Sebasti\u00e1n Llamosas<\/td>\n<\/tr>\n<tr>\n<td>Tino San Sebasti\u00e1n Llamosas<\/td>\n<\/tr>\n<tr>\n<td>Jos\u00e9 Antonio Garc\u00eda Puente \u256c<\/td>\n<\/tr>\n<tr>\n<td>Andoni Salbidegoitia Irastorza<\/td>\n<\/tr>\n<tr>\n<td>Luis Milara Cantero<\/td>\n<\/tr>\n<tr>\n<td>Jon Atxutegi Zubiaur<\/td>\n<\/tr>\n<\/tbody>\n<\/table>\n<p>&nbsp;<\/p>\n<div class=\"clearer\">\u00a0<\/div>\n<table class=\"content\" width=\"100%\" cellspacing=\"2\">\n<tbody>\n<tr class=\"header\">\n<td class=\"headercell\" align=\"left\" valign=\"top\" width=\"100%\">\n<h3>Baxuak<\/h3>\n<\/td>\n<\/tr>\n<tr class=\"even\">\n<td class=\"cell\" align=\"left\" valign=\"top\" width=\"100%\">Julio Pinilla Santamar\u00eda \u256c<\/td>\n<\/tr>\n<tr>\n<td>Jos\u00e9 Miguel Arrizabalaga<\/td>\n<\/tr>\n<tr>\n<td>Gonzalo San Vicente<\/td>\n<\/tr>\n<tr class=\"even\">\n<td class=\"cell\" align=\"left\" valign=\"top\" width=\"100%\">Alejandro Irazu<\/td>\n<\/tr>\n<tr class=\"odd\">\n<td class=\"cell\" align=\"left\" valign=\"top\" width=\"100%\">F\u00e9lix Iribarren \u256c<\/td>\n<\/tr>\n<tr class=\"even\">\n<td class=\"cell\" align=\"left\" valign=\"top\" width=\"100%\">Pedro Abaroa \u256c<\/td>\n<\/tr>\n<tr class=\"odd\">\n<td class=\"cell\" align=\"left\" valign=\"top\" width=\"100%\">Jos\u00e9 Fern\u00e1ndez<\/td>\n<\/tr>\n<tr class=\"even\">\n<td class=\"cell\" align=\"left\" valign=\"top\" width=\"100%\">Josu Abaunza<\/td>\n<\/tr>\n<tr class=\"even\">\n<td class=\"cell\" align=\"left\" valign=\"top\" width=\"100%\">Txomin Milikua<\/td>\n<\/tr>\n<tr class=\"even\">\n<td class=\"cell\" align=\"left\" valign=\"top\" width=\"100%\">Jes\u00fas Argote Totorikaguena\u00a0\u256c<\/td>\n<\/tr>\n<tr class=\"even\">\n<td class=\"cell\" align=\"left\" valign=\"top\" width=\"100%\">I\u00f1aki De Francisco Atxa<\/td>\n<\/tr>\n<tr class=\"even\">\n<td class=\"cell\" align=\"left\" valign=\"top\" width=\"100%\">Txetxu Alonso San Rom\u00e1n \u256c<\/td>\n<\/tr>\n<tr class=\"even\">\n<td class=\"cell\" align=\"left\" valign=\"top\" width=\"100%\">Carlos Gonz\u00e1lez Gonz\u00e1lez<\/td>\n<\/tr>\n<tr class=\"even\">\n<td class=\"cell\" align=\"left\" valign=\"top\" width=\"100%\">Carlos Alonso L\u00f3pez<\/td>\n<\/tr>\n<tr>\n<td>\u00a0I\u00f1aki Epelde Agirre \u256c<\/td>\n<\/tr>\n<tr>\n<td>Ricardo Go\u00f1i Hern\u00e1ndez \u256c<\/td>\n<\/tr>\n<tr>\n<td>Julio Barbosa Rodr\u00edguez<\/td>\n<\/tr>\n<\/tbody>\n<\/table>\n<p>&nbsp;<\/p>\n<p>[\/et_pb_tab][\/et_pb_tabs][\/et_pb_column][\/et_pb_row][\/et_pb_section]<\/p>\n","protected":false},"excerpt":{"rendered":"<p>Zuzendaria Izaskun Kintana Arkoitza \u00a0 Tenore lehenak (4) Juanjo Garc\u00eda Antig\u00fcedad Joseba Sarasola Gabiola Cosme Tamayo Sal\u00e1n Rodolfo Itui\u00f1o Mardones \u00a0 \u00a0 Tenore bigarrenak (5) Mikel Baroja Lasa J.Javier Cantera [&hellip;]<\/p>\n","protected":false},"author":1,"featured_media":376,"parent":0,"menu_order":0,"comment_status":"closed","ping_status":"closed","template":"","meta":{"_et_pb_use_builder":"on","_et_pb_old_content":"","_et_gb_content_width":"","footnotes":""},"class_list":["post-408","page","type-page","status-publish","has-post-thumbnail","hentry"],"_links":{"self":[{"href":"https:\/\/www.corogaraizarkomatsorriak.eus\/eusk\/wp-json\/wp\/v2\/pages\/408","targetHints":{"allow":["GET"]}}],"collection":[{"href":"https:\/\/www.corogaraizarkomatsorriak.eus\/eusk\/wp-json\/wp\/v2\/pages"}],"about":[{"href":"https:\/\/www.corogaraizarkomatsorriak.eus\/eusk\/wp-json\/wp\/v2\/types\/page"}],"author":[{"embeddable":true,"href":"https:\/\/www.corogaraizarkomatsorriak.eus\/eusk\/wp-json\/wp\/v2\/users\/1"}],"replies":[{"embeddable":true,"href":"https:\/\/www.corogaraizarkomatsorriak.eus\/eusk\/wp-json\/wp\/v2\/comments?post=408"}],"version-history":[{"count":77,"href":"https:\/\/www.corogaraizarkomatsorriak.eus\/eusk\/wp-json\/wp\/v2\/pages\/408\/revisions"}],"predecessor-version":[{"id":4666,"href":"https:\/\/www.corogaraizarkomatsorriak.eus\/eusk\/wp-json\/wp\/v2\/pages\/408\/revisions\/4666"}],"wp:featuredmedia":[{"embeddable":true,"href":"https:\/\/www.corogaraizarkomatsorriak.eus\/eusk\/wp-json\/wp\/v2\/media\/376"}],"wp:attachment":[{"href":"https:\/\/www.corogaraizarkomatsorriak.eus\/eusk\/wp-json\/wp\/v2\/media?parent=408"}],"curies":[{"name":"wp","href":"https:\/\/api.w.org\/{rel}","templated":true}]}}